{"id":9699,"date":"2020-06-29T08:33:40","date_gmt":"2020-06-29T08:33:40","guid":{"rendered":"https:\/\/barbaragomezantich.com\/contacte\/"},"modified":"2025-09-04T12:24:48","modified_gmt":"2025-09-04T12:24:48","slug":"contacte","status":"publish","type":"page","link":"https:\/\/barbaraantich.com\/ca\/contacte\/","title":{"rendered":"Contacte"},"content":{"rendered":"\t\t<div data-elementor-type=\"wp-page\" data-elementor-id=\"9699\" class=\"elementor elementor-9699 elementor-16\" data-elementor-post-type=\"page\">\n\t\t\t\t\t\t<section class=\"elementor-section elementor-top-section elementor-element elementor-element-0df54f4 elementor-section-height-min-height elementor-section-boxed elementor-section-height-default elementor-section-items-middle\" data-id=\"0df54f4\" data-element_type=\"section\" data-e-type=\"section\" data-settings=\"{&quot;background_background&quot;:&quot;classic&quot;,&quot;shape_divider_bottom&quot;:&quot;tilt&quot;}\">\n\t\t\t\t\t\t\t<div class=\"elementor-background-overlay\"><\/div>\n\t\t\t\t\t\t<div class=\"elementor-shape elementor-shape-bottom\" aria-hidden=\"true\" data-negative=\"false\">\n\t\t\t<svg xmlns=\"http:\/\/www.w3.org\/2000\/svg\" viewBox=\"0 0 1000 100\" preserveAspectRatio=\"none\">\n\t<path class=\"elementor-shape-fill\" d=\"M0,6V0h1000v100L0,6z\"\/>\n<\/svg>\t\t<\/div>\n\t\t\t\t\t<div class=\"elementor-container elementor-column-gap-default\">\n\t\t\t\t\t<div class=\"elementor-column elementor-col-100 elementor-top-column elementor-element elementor-element-308217b\" data-id=\"308217b\" data-element_type=\"column\" data-e-type=\"column\">\n\t\t\t<div class=\"elementor-widget-wrap elementor-element-populated\">\n\t\t\t\t\t\t<div class=\"elementor-element elementor-element-4a8000e elementor-widget elementor-widget-heading\" data-id=\"4a8000e\" data-element_type=\"widget\" data-e-type=\"widget\" data-widget_type=\"heading.default\">\n\t\t\t\t\t<h1 class=\"elementor-heading-title elementor-size-default\">Aqu\u00ed \u00e9s on comen\u00e7a tot.<\/h1>\t\t\t\t<\/div>\n\t\t\t\t<div class=\"elementor-element elementor-element-e2a329d elementor-widget elementor-widget-heading\" data-id=\"e2a329d\" data-element_type=\"widget\" data-e-type=\"widget\" data-widget_type=\"heading.default\">\n\t\t\t\t\t<h2 class=\"elementor-heading-title elementor-size-default\">Si tens dubtes, necessites ajuda o vols que valori el teu cas, aqu\u00ed em tens.<\/h2>\t\t\t\t<\/div>\n\t\t\t\t\t<\/div>\n\t\t<\/div>\n\t\t\t\t\t<\/div>\n\t\t<\/section>\n\t\t\t\t<section class=\"elementor-section elementor-top-section elementor-element elementor-element-4f9b6ee2 elementor-section-content-middle elementor-section-boxed elementor-section-height-default elementor-section-height-default\" data-id=\"4f9b6ee2\" data-element_type=\"section\" data-e-type=\"section\">\n\t\t\t\t\t\t<div class=\"elementor-container elementor-column-gap-no\">\n\t\t\t\t\t<div class=\"elementor-column elementor-col-100 elementor-top-column elementor-element elementor-element-5b3c4420\" data-id=\"5b3c4420\" data-element_type=\"column\" data-e-type=\"column\" data-settings=\"{&quot;background_background&quot;:&quot;classic&quot;}\">\n\t\t\t<div class=\"elementor-widget-wrap elementor-element-populated\">\n\t\t\t\t\t\t<div class=\"elementor-element elementor-element-450cf5a primary-punc-mark mb-4 pb-3 elementor-hidden-mobile elementor-invisible elementor-widget elementor-widget-heading\" data-id=\"450cf5a\" data-element_type=\"widget\" data-e-type=\"widget\" data-settings=\"{&quot;_animation&quot;:&quot;fadeInLeft&quot;,&quot;_animation_delay&quot;:200}\" data-widget_type=\"heading.default\">\n\t\t\t\t\t<h2 class=\"elementor-heading-title elementor-size-default\">Vegem quines opcions tenim i quina ser\u00e0 la millor soluci\u00f3 per a tu.<\/h2>\t\t\t\t<\/div>\n\t\t\t\t<section class=\"elementor-section elementor-inner-section elementor-element elementor-element-25f76af4 elementor-section-content-middle elementor-section-boxed elementor-section-height-default elementor-section-height-default\" data-id=\"25f76af4\" data-element_type=\"section\" data-e-type=\"section\">\n\t\t\t\t\t\t<div class=\"elementor-container elementor-column-gap-no\">\n\t\t\t\t\t<div class=\"elementor-column elementor-col-50 elementor-inner-column elementor-element elementor-element-39c8ea5f\" data-id=\"39c8ea5f\" data-element_type=\"column\" data-e-type=\"column\">\n\t\t\t<div class=\"elementor-widget-wrap elementor-element-populated\">\n\t\t\t\t\t\t<div class=\"elementor-element elementor-element-7fa535c1 elementor-widget__width-initial elementor-widget elementor-widget-heading\" data-id=\"7fa535c1\" data-element_type=\"widget\" data-e-type=\"widget\" data-widget_type=\"heading.default\">\n\t\t\t\t\t<h3 class=\"elementor-heading-title elementor-size-default\">Contacta avui i et respondr\u00e9 jo mateixa en menys de 24\u202fhores \ud83d\udca1<\/h3>\t\t\t\t<\/div>\n\t\t\t\t<div class=\"elementor-element elementor-element-5cfcd3b3 elementor-mobile-button-align-center elementor-button-align-stretch elementor-widget elementor-widget-form\" data-id=\"5cfcd3b3\" data-element_type=\"widget\" data-e-type=\"widget\" data-settings=\"{&quot;step_next_label&quot;:&quot;Siguiente&quot;,&quot;step_previous_label&quot;:&quot;Anterior&quot;,&quot;button_width&quot;:&quot;100&quot;,&quot;step_type&quot;:&quot;number_text&quot;,&quot;step_icon_shape&quot;:&quot;circle&quot;}\" data-widget_type=\"form.default\">\n\t\t\t\t\t\t\t<form class=\"elementor-form\" method=\"post\" name=\"New Form\" aria-label=\"New Form\">\n\t\t\t<input type=\"hidden\" name=\"post_id\" value=\"9699\"\/>\n\t\t\t<input type=\"hidden\" name=\"form_id\" value=\"5cfcd3b3\"\/>\n\t\t\t<input type=\"hidden\" name=\"referer_title\" value=\"Contacte\" \/>\n\n\t\t\t\t\t\t\t<input type=\"hidden\" name=\"queried_id\" value=\"9699\"\/>\n\t\t\t\n\t\t\t<div class=\"elementor-form-fields-wrapper elementor-labels-\">\n\t\t\t\t\t\t\t\t<div class=\"elementor-field-type-text elementor-field-group elementor-column elementor-field-group-name elementor-col-50\">\n\t\t\t\t\t\t\t\t\t\t\t\t<label for=\"form-field-name\" class=\"elementor-field-label elementor-screen-only\">\n\t\t\t\t\t\t\t\tNom\t\t\t\t\t\t\t<\/label>\n\t\t\t\t\t\t\t\t\t\t\t\t\t\t<input size=\"1\" type=\"text\" name=\"form_fields[name]\" id=\"form-field-name\" class=\"elementor-field elementor-size-sm  elementor-field-textual\" placeholder=\"Nom\">\n\t\t\t\t\t\t\t\t\t\t\t<\/div>\n\t\t\t\t\t\t\t\t<div class=\"elementor-field-type-text elementor-field-group elementor-column elementor-field-group-email elementor-col-50 elementor-field-required\">\n\t\t\t\t\t\t\t\t\t\t\t\t<label for=\"form-field-email\" class=\"elementor-field-label elementor-screen-only\">\n\t\t\t\t\t\t\t\tCognoms\t\t\t\t\t\t\t<\/label>\n\t\t\t\t\t\t\t\t\t\t\t\t\t\t<input size=\"1\" type=\"text\" name=\"form_fields[email]\" id=\"form-field-email\" class=\"elementor-field elementor-size-sm  elementor-field-textual\" placeholder=\"Cognoms\" required=\"required\">\n\t\t\t\t\t\t\t\t\t\t\t<\/div>\n\t\t\t\t\t\t\t\t<div class=\"elementor-field-type-tel elementor-field-group elementor-column elementor-field-group-field_ffab276 elementor-col-50\">\n\t\t\t\t\t\t\t\t\t\t\t\t<label for=\"form-field-field_ffab276\" class=\"elementor-field-label elementor-screen-only\">\n\t\t\t\t\t\t\t\tTel\u00e8fon\t\t\t\t\t\t\t<\/label>\n\t\t\t\t\t\t\t\t<input size=\"1\" type=\"tel\" name=\"form_fields[field_ffab276]\" id=\"form-field-field_ffab276\" class=\"elementor-field elementor-size-sm  elementor-field-textual\" placeholder=\"Tel\u00e8fon\" pattern=\"[0-9()#&amp;+*-=.]+\" title=\"Only numbers and phone characters (#, -, *, etc) are accepted.\">\n\n\t\t\t\t\t\t<\/div>\n\t\t\t\t\t\t\t\t<div class=\"elementor-field-type-email elementor-field-group elementor-column elementor-field-group-b26ecb6 elementor-col-50 elementor-field-required\">\n\t\t\t\t\t\t\t\t\t\t\t\t<label for=\"form-field-b26ecb6\" class=\"elementor-field-label elementor-screen-only\">\n\t\t\t\t\t\t\t\tEmail\t\t\t\t\t\t\t<\/label>\n\t\t\t\t\t\t\t\t\t\t\t\t\t\t<input size=\"1\" type=\"email\" name=\"form_fields[b26ecb6]\" id=\"form-field-b26ecb6\" class=\"elementor-field elementor-size-sm  elementor-field-textual\" placeholder=\"Correu electr\u00f2nic\" required=\"required\">\n\t\t\t\t\t\t\t\t\t\t\t<\/div>\n\t\t\t\t\t\t\t\t<div class=\"elementor-field-type-textarea elementor-field-group elementor-column elementor-field-group-message elementor-col-100\">\n\t\t\t\t\t\t\t\t\t\t\t\t<label for=\"form-field-message\" class=\"elementor-field-label elementor-screen-only\">\n\t\t\t\t\t\t\t\tMessage\t\t\t\t\t\t\t<\/label>\n\t\t\t\t\t\t<textarea class=\"elementor-field-textual elementor-field  elementor-size-sm\" name=\"form_fields[message]\" id=\"form-field-message\" rows=\"4\" placeholder=\"Explica\u2019m, com et puc ajudar?\"><\/textarea>\t\t\t\t<\/div>\n\t\t\t\t\t\t\t\t<div class=\"elementor-field-type-checkbox elementor-field-group elementor-column elementor-field-group-field_f31b59b elementor-col-100\">\n\t\t\t\t\t\t\t\t\t\t\t\t<label for=\"form-field-field_f31b59b\" class=\"elementor-field-label elementor-screen-only\">\n\t\t\t\t\t\t\t\tVerifica LOPD\t\t\t\t\t\t\t<\/label>\n\t\t\t\t\t\t<div class=\"elementor-field-subgroup  elementor-subgroup-inline\"><span class=\"elementor-field-option\"><input type=\"checkbox\" value=\"L\u2019he llegida, entesa i accepto la &lt;u&gt;&lt;a href=&quot;https:\/\/barbaraantich.com\/ca\/politica-de-privadesa\/&quot;&gt;&lt;span style=&quot;color:#001959&quot;&gt;pol\u00edtica de privacitat&lt;\/span&gt;&lt;\/a&gt;&lt;\/u&gt;.\" id=\"form-field-field_f31b59b-0\" name=\"form_fields[field_f31b59b]\"> <label for=\"form-field-field_f31b59b-0\">L\u2019he llegida, entesa i accepto la <u><a href=\"https:\/\/barbaraantich.com\/ca\/politica-de-privadesa\/\"><span style=\"color:#001959\">pol\u00edtica de privacitat<\/span><\/a><\/u>.<\/label><\/span><\/div>\t\t\t\t<\/div>\n\t\t\t\t\t\t\t\t<div class=\"elementor-field-type-html elementor-field-group elementor-column elementor-field-group-field_77ef115 elementor-col-100\">\n\t\t\t\t\t<font size=\"2\">Informaci\u00f3 b\u00e0sica sobre protecci\u00f3 de dades: Responsable: B\u00e1rbara G\u00f3mez Antich. Finalitat: atendre la sol\u00b7licitud. Legitimaci\u00f3: Consentiment de l\u2019interessat. Destinataris: no es cediran dades a tercers, excepte per obligaci\u00f3 legal. Drets: Accedir, rectificar i suprimir les dades, aix\u00ed com altres drets tal com s\u2019explica a la <u><a href=\"https:\/\/barbaraantich.com\/ca\/politica-de-privadesa\/\"><span style=\"color:#001959\">informaci\u00f3 addicional<\/span><\/a><\/u><\/font>\t\t\t\t<\/div>\n\t\t\t\t\t\t\t\t<div class=\"elementor-field-type-recaptcha_v3 elementor-field-group elementor-column elementor-field-group-field_765b55c elementor-col-100 recaptcha_v3-inline\">\n\t\t\t\t\t<div class=\"elementor-field\" id=\"form-field-field_765b55c\"><div class=\"elementor-g-recaptcha\" data-sitekey=\"6Ldi6kAoAAAAAE24C_O4nc7CreXbpZiqWEE9AWBl\" data-type=\"v3\" data-action=\"Form\" data-badge=\"inline\" data-size=\"invisible\"><\/div><\/div>\t\t\t\t<\/div>\n\t\t\t\t\t\t\t\t<div class=\"elementor-field-group elementor-column elementor-field-type-submit elementor-col-100 e-form__buttons\">\n\t\t\t\t\t<button class=\"elementor-button elementor-size-sm\" type=\"submit\">\n\t\t\t\t\t\t<span class=\"elementor-button-content-wrapper\">\n\t\t\t\t\t\t\t\t\t\t\t\t\t\t\t<span class=\"elementor-button-icon\">\n\t\t\t\t\t\t\t\t\t<i aria-hidden=\"true\" class=\"far fa-envelope\"><\/i>\t\t\t\t\t\t\t\t\t\t\t\t\t\t\t\t\t<\/span>\n\t\t\t\t\t\t\t\t\t\t\t\t\t\t\t\t\t\t\t\t\t\t<span class=\"elementor-button-text\">Enviar missatge<\/span>\n\t\t\t\t\t\t\t\t\t\t\t\t\t<\/span>\n\t\t\t\t\t<\/button>\n\t\t\t\t<\/div>\n\t\t\t<\/div>\n\t\t<\/form>\n\t\t\t\t\t\t<\/div>\n\t\t\t\t\t<\/div>\n\t\t<\/div>\n\t\t\t\t<div class=\"elementor-column elementor-col-50 elementor-inner-column elementor-element elementor-element-4ab8baf6\" data-id=\"4ab8baf6\" data-element_type=\"column\" data-e-type=\"column\" data-settings=\"{&quot;background_background&quot;:&quot;classic&quot;}\">\n\t\t\t<div class=\"elementor-widget-wrap elementor-element-populated\">\n\t\t\t\t\t\t<div class=\"elementor-element elementor-element-6b3ff48 elementor-widget elementor-widget-image\" data-id=\"6b3ff48\" data-element_type=\"widget\" data-e-type=\"widget\" data-widget_type=\"image.default\">\n\t\t\t\t\t\t\t\t\t\t\t\t\t\t\t<img fetchpriority=\"high\" decoding=\"async\" width=\"681\" height=\"1024\" src=\"https:\/\/barbaraantich.com\/wp-content\/uploads\/2025\/05\/DSC_0319-681x1024.jpg\" class=\"attachment-large size-large wp-image-13793\" alt=\"\" srcset=\"https:\/\/barbaraantich.com\/wp-content\/uploads\/2025\/05\/DSC_0319-681x1024.jpg 681w, https:\/\/barbaraantich.com\/wp-content\/uploads\/2025\/05\/DSC_0319-200x300.jpg 200w, https:\/\/barbaraantich.com\/wp-content\/uploads\/2025\/05\/DSC_0319-768x1154.jpg 768w, https:\/\/barbaraantich.com\/wp-content\/uploads\/2025\/05\/DSC_0319-1022x1536.jpg 1022w, https:\/\/barbaraantich.com\/wp-content\/uploads\/2025\/05\/DSC_0319-1362x2048.jpg 1362w, https:\/\/barbaraantich.com\/wp-content\/uploads\/2025\/05\/DSC_0319-600x902.jpg 600w, https:\/\/barbaraantich.com\/wp-content\/uploads\/2025\/05\/DSC_0319-scaled.jpg 1703w\" sizes=\"(max-width: 681px) 100vw, 681px\" \/>\t\t\t\t\t\t\t\t\t\t\t\t\t\t\t<\/div>\n\t\t\t\t<div class=\"elementor-element elementor-element-4725a8f elementor-widget elementor-widget-heading\" data-id=\"4725a8f\" data-element_type=\"widget\" data-e-type=\"widget\" data-widget_type=\"heading.default\">\n\t\t\t\t\t<p class=\"elementor-heading-title elementor-size-default\"><a href=\"tel:620801747\">620 80 17 47<\/a><\/p>\t\t\t\t<\/div>\n\t\t\t\t<div class=\"elementor-element elementor-element-b6e190c elementor-align-center elementor-widget__width-inherit elementor-widget elementor-widget-button\" data-id=\"b6e190c\" data-element_type=\"widget\" data-e-type=\"widget\" data-widget_type=\"button.default\">\n\t\t\t\t\t\t\t\t\t\t<a class=\"elementor-button elementor-button-link elementor-size-sm\" href=\"tel:620801747\">\n\t\t\t\t\t\t<span class=\"elementor-button-content-wrapper\">\n\t\t\t\t\t\t<span class=\"elementor-button-icon\">\n\t\t\t\t<i aria-hidden=\"true\" class=\"fas fa-phone-alt\"><\/i>\t\t\t<\/span>\n\t\t\t\t\t\t\t\t\t<span class=\"elementor-button-text\">Truca ara<\/span>\n\t\t\t\t\t<\/span>\n\t\t\t\t\t<\/a>\n\t\t\t\t\t\t\t\t<\/div>\n\t\t\t\t<div class=\"elementor-element elementor-element-1e74a004 elementor-widget elementor-widget-text-editor\" data-id=\"1e74a004\" data-element_type=\"widget\" data-e-type=\"widget\" data-widget_type=\"text-editor.default\">\n\t\t\t\t\t\t\t\t\t<p>Disponible de 09:00h a 19:00h<\/p>\n\t\t\t\t\t\t\t\t<\/div>\n\t\t\t\t<div class=\"elementor-element elementor-element-3c64166c elementor-widget elementor-widget-text-editor\" data-id=\"3c64166c\" data-element_type=\"widget\" data-e-type=\"widget\" data-widget_type=\"text-editor.default\">\n\t\t\t\t\t\t\t\t\t<p>\u2709\ufe0f <span style=\"text-decoration: underline; color: #ffffff;\"><a style=\"color: #ffffff; text-decoration: underline;\" href=\"mailto:bgomezantich@icab.cat\" target=\"_blank\" rel=\"noopener\">bgomezantich@icab.cat<\/a><\/span><\/p>\n\t\t\t\t\t\t\t\t<\/div>\n\t\t\t\t<div class=\"elementor-element elementor-element-5876a4c3 elementor-widget elementor-widget-text-editor\" data-id=\"5876a4c3\" data-element_type=\"widget\" data-e-type=\"widget\" data-widget_type=\"text-editor.default\">\n\t\t\t\t\t\t\t\t\t<p><span style=\"text-decoration: underline; color: #ffffff;\"><a style=\"color: #ffffff; text-decoration: underline;\" href=\"https:\/\/g.co\/kgs\/96KqVKQ\" target=\"_blank\" rel=\"noopener\">\ud83d\udccd\u00a0Av. Carrilet, 3, D, 2\u00baplanta, 08902,<\/a><\/span><\/p>\n<p><span style=\"text-decoration: underline; color: #ffffff;\"><a style=\"color: #ffffff; text-decoration: underline;\" href=\"https:\/\/g.co\/kgs\/96KqVKQ\" target=\"_blank\" rel=\"noopener\">L&#8217;Hospitalet de Llobregat (Ciutat de la Just\u00edcia)<\/a><\/span><\/p>\n\t\t\t\t\t\t\t\t<\/div>\n\t\t\t\t\t<\/div>\n\t\t<\/div>\n\t\t\t\t\t<\/div>\n\t\t<\/section>\n\t\t\t\t\t<\/div>\n\t\t<\/div>\n\t\t\t\t\t<\/div>\n\t\t<\/section>\n\t\t\t\t<\/div>\n\t\t","protected":false},"excerpt":{"rendered":"<p>Aqu\u00ed \u00e9s on comen\u00e7a tot. Si tens dubtes, necessites ajuda o vols que valori el teu cas, aqu\u00ed em tens. Vegem quines opcions tenim i quina ser\u00e0 la millor soluci\u00f3 per a tu. Contacta avui i et respondr\u00e9 jo mateixa en menys de 24\u202fhores \ud83d\udca1 620 80 17 47 Truca ara Disponible de 09:00h a [&hellip;]<\/p>\n","protected":false},"author":53,"featured_media":13893,"parent":0,"menu_order":0,"comment_status":"closed","ping_status":"closed","template":"","meta":{"episode_type":"","audio_file":"","podmotor_file_id":"","podmotor_episode_id":"","cover_image":"","cover_image_id":"","duration":"","filesize":"","filesize_raw":"","date_recorded":"","explicit":"","block":"","itunes_episode_number":"","itunes_title":"","itunes_season_number":"","itunes_episode_type":"","_joinchat":[],"footnotes":""},"folder":[64],"class_list":["post-9699","page","type-page","status-publish","has-post-thumbnail","hentry"],"_links":{"self":[{"href":"https:\/\/barbaraantich.com\/ca\/wp-json\/wp\/v2\/pages\/9699","targetHints":{"allow":["GET"]}}],"collection":[{"href":"https:\/\/barbaraantich.com\/ca\/wp-json\/wp\/v2\/pages"}],"about":[{"href":"https:\/\/barbaraantich.com\/ca\/wp-json\/wp\/v2\/types\/page"}],"author":[{"embeddable":true,"href":"https:\/\/barbaraantich.com\/ca\/wp-json\/wp\/v2\/users\/53"}],"replies":[{"embeddable":true,"href":"https:\/\/barbaraantich.com\/ca\/wp-json\/wp\/v2\/comments?post=9699"}],"version-history":[{"count":4,"href":"https:\/\/barbaraantich.com\/ca\/wp-json\/wp\/v2\/pages\/9699\/revisions"}],"predecessor-version":[{"id":16730,"href":"https:\/\/barbaraantich.com\/ca\/wp-json\/wp\/v2\/pages\/9699\/revisions\/16730"}],"wp:featuredmedia":[{"embeddable":true,"href":"https:\/\/barbaraantich.com\/ca\/wp-json\/wp\/v2\/media\/13893"}],"wp:attachment":[{"href":"https:\/\/barbaraantich.com\/ca\/wp-json\/wp\/v2\/media?parent=9699"}],"wp:term":[{"taxonomy":"folder","embeddable":true,"href":"https:\/\/barbaraantich.com\/ca\/wp-json\/wp\/v2\/folder?post=9699"}],"curies":[{"name":"wp","href":"https:\/\/api.w.org\/{rel}","templated":true}]}}