{"id":9695,"date":"2024-11-27T08:33:02","date_gmt":"2024-11-27T08:33:02","guid":{"rendered":"https:\/\/barbaragomezantich.com\/condicions-generals-de-contractacio\/"},"modified":"2025-09-04T12:14:56","modified_gmt":"2025-09-04T12:14:56","slug":"condicions-generals-de-contractacio","status":"publish","type":"page","link":"https:\/\/barbaraantich.com\/ca\/condicions-generals-de-contractacio\/","title":{"rendered":"Condicions generals de contractaci\u00f3"},"content":{"rendered":"\t\t<div data-elementor-type=\"wp-page\" data-elementor-id=\"9695\" class=\"elementor elementor-9695 elementor-7963\" data-elementor-post-type=\"page\">\n\t\t\t\t\t\t<section class=\"elementor-section elementor-top-section elementor-element elementor-element-3dbb81d elementor-section-boxed elementor-section-height-default elementor-section-height-default\" data-id=\"3dbb81d\" data-element_type=\"section\" data-e-type=\"section\">\n\t\t\t\t\t\t<div class=\"elementor-container elementor-column-gap-default\">\n\t\t\t\t\t<div class=\"elementor-column elementor-col-100 elementor-top-column elementor-element elementor-element-0754e38\" data-id=\"0754e38\" data-element_type=\"column\" data-e-type=\"column\">\n\t\t\t<div class=\"elementor-widget-wrap elementor-element-populated\">\n\t\t\t\t\t\t<div class=\"elementor-element elementor-element-7061db4 elementor-widget elementor-widget-heading\" data-id=\"7061db4\" data-element_type=\"widget\" data-e-type=\"widget\" data-widget_type=\"heading.default\">\n\t\t\t\t\t<h2 class=\"elementor-heading-title elementor-size-default\">CONDICIONS GENERALS PER A LA VENDA ONLINE DE PRODUCTES I SERVEIS ENTRE B\u00c0RBARA G\u00d3MEZ ANTICH I ELS USUARIS (d'ara endavant, \u201cCondicions Generals\u201d)<\/h2>\t\t\t\t<\/div>\n\t\t\t\t<div class=\"elementor-element elementor-element-7e77628 elementor-widget elementor-widget-text-editor\" data-id=\"7e77628\" data-element_type=\"widget\" data-e-type=\"widget\" data-widget_type=\"text-editor.default\">\n\t\t\t\t\t\t\t\t\t<div id=\"tw-target-text-container\" class=\"tw-ta-container F0azHf tw-nfl\" tabindex=\"0\" role=\"text\">\r\n<p class=\"tw-data-text tw-text-large tw-ta\" dir=\"ltr\" data-placeholder=\"Traducci\u00f3n\" data-ved=\"2ahUKEwjxlLbm-PWKAxWgT6QEHQv5DRUQ3ewLegQIChAU\" aria-label=\"Texto traducido: 1. CONDICIONS GENERALS PR\u00c8VIES A LA CONTRACTACI\u00d3\"><span class=\"Y2IQFc\" lang=\"ca\"><strong>1. CONDICIONS GENERALS PR\u00c8VIES A LA CONTRACTACI\u00d3<\/strong>\r\n<\/span><\/p>\r\n<p id=\"tw-target-text\" class=\"tw-data-text tw-text-large tw-ta\" dir=\"ltr\" data-placeholder=\"Traducci\u00f3n\" data-ved=\"2ahUKEwjxlLbm-PWKAxWgT6QEHQv5DRUQ3ewLegQIChAU\" aria-label=\"Texto traducido: a) Aquestes Condicions Generals regularan expressament les relacions comercials sorgides entre B\u00c1RBARA G\u00d3MEZ ANTICH i els Usuaris Particulars (segons aquest terme es defineix a l'Av\u00eds Legal) que, a trav\u00e9s del lloc web https:\/\/barbaraantich.com (d'ara endavant, el \u201c Lloc Web\u201d) de titularitat de B\u00c1RBARA G\u00d3MEZ ANTICH, adquireixin els productes i serveis que ofereixi en cada moment als Usuaris Particulars espec\u00edficament per a la seva contractaci\u00f3 en l\u00ednia (d'ara endavant, els \u201cProductes i Serveis\u201d) (d'ara endavant, els \u201cClients\u201d).\"><span class=\"Y2IQFc\" lang=\"ca\">a) Aquestes Condicions Generals regularan expressament les relacions comercials sorgides entre B\u00c1RBARA G\u00d3MEZ ANTICH i els Usuaris Particulars (segons aquest terme es defineix a l&#8217;Av\u00eds Legal) que, a trav\u00e9s del lloc web https:\/\/barbaraantich.com (d&#8217;ara endavant, el \u201cLloc Web\u201d) de titularitat de B\u00c1RBARA G\u00d3MEZ ANTICH, adquireixin els productes i serveis que ofereixi en cada moment als Usuaris Particulars espec\u00edficament per a la seva contractaci\u00f3 en l\u00ednia (d&#8217;ara endavant, els \u201cProductes i Serveis\u201d) (d&#8217;ara endavant, els \u201cClients\u201d).<\/span><\/p>\r\nb) Aquestes Condicions Generals han estat elaborades de conformitat amb el que estableix la normativa de consum vigent, comer\u00e7 electr\u00f2nic i protecci\u00f3 de dades.\r\n\r\nc) B\u00c1RBARA G\u00d3MEZ ANTICH podr\u00e0 modificar de manera unilateral, en qualsevol moment que consideri oport\u00fa, la configuraci\u00f3 i contingut de les presents Condicions Generals. Aix\u00f2 no obstant, les Condicions Generals aplicables a una determinada transacci\u00f3 seran les vigents en el moment de la formalitzaci\u00f3 de la mateixa.\r\n\r\nd) Els termes i condicions aplicables a la compra dels Productes i Serveis oferts per a la venda al p\u00fablic per part de B\u00c1RBARA G\u00d3MEZ ANTICH a trav\u00e9s del seu lloc web https:\/\/barbaraantich.com seran tots aquells que es descriuen a les presents Condicions Generals i que es detallaran al Lloc Web al llarg del proc\u00e9s de contractaci\u00f3 online. A trav\u00e9s de la utilitzaci\u00f3 del Lloc Web, els usuaris declaren con\u00e8ixer i acceptar els diferents tr\u00e0mits necessaris per accedir als diferents Productes i Serveis oferts al Lloc Web aix\u00ed com formalitzar-ne la compra.\r\n\r\ne) El Client accepta sense cap reserva les Condicions Generals de Contractaci\u00f3 en formular una comanda de Productes o reserva de Servei a B\u00c1RBARA G\u00d3MEZ ANTICH tenint coneixement previ del seu contingut per haver-li proporcionat un exemplar de les mateixes, a m\u00e9s de trobar-se publicades a la p\u00e0gina web d&#8217;Internet https:\/\/https:\/\/barbaraantich.com, en versi\u00f3 descargable i imprimible.\r\n<pre id=\"tw-target-text\" class=\"tw-data-text tw-text-large tw-ta\" dir=\"ltr\" data-placeholder=\"Traducci\u00f3n\" data-ved=\"2ahUKEwjxlLbm-PWKAxWgT6QEHQv5DRUQ3ewLegQIChAU\" aria-label=\"Texto traducido: 2. IDENTIFICACI\u00d3 DEL VENEDOR I DELS CLIENTS\"><strong><span class=\"Y2IQFc\" lang=\"ca\">2. IDENTIFICACI\u00d3 DEL VENEDOR I DELS CLIENTS<\/span><\/strong><\/pre>\r\na) Les dades identificatives d&#8217;https:\/\/barbaraantich.com s\u00f3n les que es detallen a continuaci\u00f3: B\u00e1rbara G\u00f3mez Antich DNI 43197699L Domicili social a l&#8217;av. Carrilet, 3 edifici D, 2a planta, L\u2019Hospitalet de Llobregat, prov\u00edncia de Barcelona, \u200b\u200bEspanya, Espanya, Adre\u00e7a electr\u00f2nica: bgomezantich@icab.cat\r\n\r\nb) Per poder fer les compres des del Lloc Web caldr\u00e0 que els Clients efectu\u00efn la seva comanda mitjan\u00e7ant el formulari de reserva o per correu electr\u00f2nic bgomezantich@icab.cat\r\n\r\n<strong>3. NATURALESA DEL LLOC WEB<\/strong>\r\n\r\na) Per a l&#8217;adquisici\u00f3 o contractaci\u00f3 a dist\u00e0ncia dels productes i serveis, el client haur\u00e0 de reunir les caracter\u00edstiques seg\u00fcents:\r\n\r\nSer una persona f\u00edsica o jur\u00eddica amb resid\u00e8ncia o domicili situat al territori internacional. En cas de ser una persona f\u00edsica, haur\u00e0 de ser m\u00e9s gran i amb capacitat legal suficient per realitzar l&#8217;adquisici\u00f3.\r\n\r\nEn cas de ser una persona jur\u00eddica, la persona que efectu\u00ef la comanda haur\u00e0 de tenir facultats suficients per efectuar la transacci\u00f3 en nom i representaci\u00f3 de la persona jur\u00eddica.\r\n\r\nEn tot cas, haur\u00e0 de tenir la consideraci\u00f3 de consumidor final, de conformitat amb all\u00f2 establert pel Reial Decret Legislatiu 1\/2007, de 16 de novembre, pel qual s&#8217;aprova el Text Ref\u00f3s de la Llei General per a la Defensa dels Consumidors i Usuaris, \u00e9s a dir, per al consum propi del Client o de les persones en nom de les quals el Client estigui legalment autoritzat per actuar.\r\n\r\nEn conseq\u00fc\u00e8ncia, queden excloses, sense car\u00e0cter exhaustiu, de la utilitzaci\u00f3 del Lloc Web empreses majoristes, distribu\u00efdores, centrals de compra, grans superf\u00edcies, altres intermediaris professionals del mateix sector que https:\/\/barbaraantich.com.\r\n\r\nb) De conformitat amb aix\u00f2, queda totalment prohibida la revenda dels Productes i Serveis adquirits a trav\u00e9s del Lloc Web.\r\n\r\nc) L&#8217;acc\u00e9s als cursos \u00e9s personal i intransferible.\r\n\r\n<strong>4. PRODUCTES I SERVEIS OFERTS<\/strong>\r\n\r\na) B\u00c1RBARA G\u00d3MEZ ANTICH publicar\u00e0, juntament amb la imatge de cadascun dels Productes i Serveis que siguin objecte de venda i contractaci\u00f3 a trav\u00e9s del Lloc Web, les caracter\u00edstiques espec\u00edfiques de cadascun i el preu de contractaci\u00f3 aplicable.\r\n\r\nb) B\u00c1RBARA G\u00d3MEZ ANTICH garanteix que el preu dels Productes i Serveis ser\u00e0 el vigent el dia de la formalitzaci\u00f3 de la compra amb independ\u00e8ncia del dia en qu\u00e8 es formalitzi el lliurament de la comanda.\r\n\r\nc) En cas que hi hagi ofertes aplicables sobre el preu dels productes i serveis, aquestes s&#8217;han d&#8217;indicar juntament amb el preu inicial amb una tipografia diferent que permeti al client identificar de manera clara el preu final del producte o servei. En qualsevol cas, cal indicar el per\u00edode temporal de validesa de l&#8217;oferta.\r\n\r\nd) B\u00c1RBARA G\u00d3MEZ ANTICH podr\u00e0, de forma unilateral i en qualsevol moment, oferir nous Productes i Serveis que siguin objecte de venda al Lloc Web aix\u00ed com tamb\u00e9 suspendre o cancel\u00b7lar, de manera temporal o indefinida, qualsevol dels productes i serveis.\r\n\r\ne) Els preus establerts al Lloc Web inclouran l&#8217;IVA aplicable a cada producte aix\u00ed com qualsevol altre impost que sigui aplicable. B\u00c1RBARA G\u00d3MEZ ANTICH es compromet a mantenir actualitzats els preus de conformitat amb l&#8217;impost aplicable a cada moment.\r\n\r\nf) B\u00c1RBARA G\u00d3MEZ ANTICH garanteix la disponibilitat de tots els Productes i Serveis oferts al Lloc Web.\r\n\r\ng) El sistema de compra de les formacions directament accessibles s&#8217;articularan a trav\u00e9s del present lloc web i de la plataforma formativa Hotmart.\r\n\r\n<strong>5. SISTEMA DE CONTRACTACI\u00d3, FACTURACI\u00d3 I FORMA DE PAGAMENT<\/strong>\r\n\r\nEl client haur\u00e0 de reservar la sessi\u00f3 a trav\u00e9s de la plataforma Calendly, procedint al pagament mitjan\u00e7ant transfer\u00e8ncia banc\u00e0ria, Bizum o Stripe.\r\n\r\nA la venda de productes digitals (infoproductes), el client seleccionar\u00e0 el producte i procedir\u00e0 a la seva compra mitjan\u00e7ant compra per targeta.\r\n\r\nEn determinats serveis formatius, Client ser\u00e0 redireccionat a la plataforma web Hotmart, on procedir\u00e0 a la compra i tindr\u00e0 acc\u00e9s a la formaci\u00f3 adquirida. En aquest cas, qualsevol incid\u00e8ncia en el proc\u00e9s de compra s&#8217;haur\u00e0 de resoldre amb la plataforma Hotmart. El proc\u00e9s de facturaci\u00f3 es dur\u00e0 a terme a trav\u00e9s de l&#8217;empresa Hotmart, VB, amb domicili Singel 542, 1017 AZ Amsterdam, The Netherlands, registre n\u00fam. 60335777\r\n\r\nEl sistema de compra ser\u00e0 en idioma espanyol.\r\n\r\n<strong>6. LLIURAMENT DELS PRODUCTES<\/strong>\r\n\r\nEl lliurament del servei formatiu s&#8217;entendr\u00e0 produ\u00eft al moment de l&#8217;acc\u00e9s a la formaci\u00f3 digital.\r\n\r\n<strong>7. DRET DE DESISTIMENT DE COMANDES<\/strong>\r\n\r\nAls serveis oferts en aquest lloc web, l&#8217;Usuari disposa d&#8217;un termini de 14 dies naturals per desistir de la contractaci\u00f3 realitzada. El termini de 14 dies computar\u00e0 des de la contractaci\u00f3 del servei en el moment dacceptaci\u00f3 de les presents condicions.\r\n\r\nEl reemborsament a l&#8217;Usuari ser\u00e0 mitjan\u00e7ant el mateix m\u00e8tode de pagament utilitzat per aquest en el moment de fer la transacci\u00f3 inicial; es procedir\u00e0 al reemborsament \u00edntegre.\r\n\r\nLes despeses del dret de desistiment seran a c\u00e0rrec de lusuari.\r\n\r\nPer exercitar aquest dret de desistiment a qu\u00e8 s&#8217;ha fet refer\u00e8ncia i quan aquest sigui procedent, l&#8217;Usuari haur\u00e0 de notificar la seva decisi\u00f3 amb una manifestaci\u00f3 expressa i clara a l&#8217;empresa, dins del termini establert a aquest efecte, per correu electr\u00f2nic o postal, o amb el formulari que es facilita aqu\u00ed:\r\n\r\nA l&#8217;atenci\u00f3 de B\u00e0rbara G\u00f3mez, Av. Carrilet, 3 edifici D, 2a planta, L\u2019Hospitalet de Llobregat, prov\u00edncia de Barcelona, \u200b\u200bEspanya, Adre\u00e7a electr\u00f2nica: bgomezantich@icab.cat\r\n\r\nPer la present us comunic\/comunicam (*) que desisteixo del meu\/desistim del nostre (*) servei\/s (*)\r\n\r\n\u2022 Nom del servei (*):\r\n\r\n_____________________________________________\r\n\r\n\u2022 Contractat el (*): __ \/ __ \/ ____\r\n\r\n\u2022 Reservat per (*):__ \/ __ \/ ____\r\n\r\n\u2022 Nom:\r\n\r\n______________________________________________________________\r\n\r\n(nom del consumidor i usuari o dels consumidors i usuaris).\r\n\r\n\u2022 Domicili:\r\n\r\n_____________________________________________________________\r\n\r\n(domicili del consumidor i usuario o dels consumidors y usuaris).\r\n\r\nFirma del consumidor i usuari o dels consumidors i usuaris:\r\n\r\n(nom\u00e9s si el present formulari es presenta en paper).\r\n\r\nData: __ \/ __ \/ ____\r\n\r\n<em>*Esborrar el que no sigui procedent<\/em>\r\n\r\nPer complir el termini de desistiment, nom\u00e9s cal que la comunicaci\u00f3 relativa a l&#8217;exercici del dret s&#8217;envi\u00ef abans que venci el termini corresponent de 14 dies.\r\n\r\nExcepci\u00f3 al dret de desistiment Pel que fa a la venda de producte digital (infoproducte i formacions), tenint en compte la naturalesa i les caracter\u00edstiques dels Productes, especialment tractar-se d&#8217;un producte online, en ser d&#8217;acc\u00e9s immediat a part oa la totalitat de els materials, el dret de desistiment desapareix sent coneixedor l&#8217;Usuari de la dita circumst\u00e0ncia i acceptant-la en el moment de realitzar la compra corresponent (article 103 lletra m Reial decret Legislatiu 1\/2007, de 16 de novembre, pel qual saprova el text ref\u00f3s de la Llei General per a la Defensa dels Consumidors i Usuaris i altres lleis complement\u00e0ries).\r\n\r\nNo obstant aix\u00f2, quant a cancel\u00b7lacions de la plataforma Hotmart, cal atendre el que estableix la mateixa plataforma Hotmart.\r\n\r\n<strong>8. PROTECCI\u00d3 DE DADES DE CAR\u00c0CTER PERSONAL<\/strong>\r\n\r\nConsulteu la Pol\u00edtica de Privadesa.\r\n\r\n<strong>9. PROPIETAT INTEL\u00b7LECTUAL DEL CONTINGUT<\/strong>\r\n\r\nEl contingut compartit a les formacions est\u00e0 protegit per drets d&#8217;autoria i la legislaci\u00f3 de propietat intel\u00b7lectual, i queda prohibit la reproducci\u00f3 i el seu \u00fas m\u00e9s enll\u00e0 del propi formatiu, pel client sense l&#8217;autoritzaci\u00f3 expressa de B\u00e1rbara G\u00f3mez Antich.\r\n\r\nAix\u00ed mateix, queda prohibit compartir l&#8217;usuari, i \u00e9s el compte personal i intransferible.\r\n\r\nEn cas d&#8217;incompliment de la present condici\u00f3, B\u00c1RBARA G\u00d3MEZ ANTICH es reserva el dret d&#8217;eliminar l&#8217;usuari sense dret a cap reemborsament.\r\n\r\n<strong>10. COMUNICACIONS.<\/strong>\r\n\r\nAls efectes d&#8217;aquesta Condicions General, i per a qualsevol comunicaci\u00f3 que sigui necess\u00e0ria entre B\u00c0RBARA G\u00d3MEZ ANTICH i els Usuaris, aquests hauran de dirigir-se a B\u00c1RBARA G\u00d3MEZ ANTICH mitjan\u00e7ant correu electr\u00f2nic enviat un missatge a bgomezantich@icab.cat o b\u00e9 mitjan\u00e7ant comunicaci\u00f3 escrita adre\u00e7ada a B\u00c0RBARA G\u00d3MEZ ANTICH Av. Carrilet, 3 edifici D, 2a planta, L\u2019Hospitalet de Llobregat, prov\u00edncia de Barcelona, \u200b\u200bEspanya.\r\n\r\n<strong>11. ATENCI\u00d3 AL CLIENT.<\/strong>\r\n\r\nL&#8217;usuari podr\u00e0 posar-se en contacte amb el Departament d&#8217;Atenci\u00f3 al client mitjan\u00e7ant correu electr\u00f2nic bgomezantich@icab.cat per a informaci\u00f3 sobre el contingut del curs o amb el Departament d&#8217;Atenci\u00f3 al client de la plataforma formativa support@hotmart.com per a informaci\u00f3 sobre del proc\u00e9s de compra.\r\n\r\n<strong>12. PERFECCI\u00d3 DELS CONTRACTES.<\/strong>\r\n\r\nLa validesa dels contractes subscrits per via telem\u00e0tica queda emparada per l&#8217;article 23, apartats 1 i 3, de la Llei 34\/2002 de Serveis de la Societat de la Informaci\u00f3 i del Comer\u00e7 Electr\u00f2nic: \u201cEls contractes subscrits per via electr\u00f2nica tindran la mateixa validesa i produiran tots els efectes de l&#8217;Ordenament Jur\u00eddic Civil i Mercantil&#8221;.\r\n\r\nEl Contracte queda perfeccionat des del moment en qu\u00e8 el client manifesti la seva conformitat amb les presents condicions de contractaci\u00f3 o, en cas de contractaci\u00f3 a trav\u00e9s de Hotmart mitjan\u00e7ant aquesta de la plataforma formativa en pr\u00e9mer el bot\u00f3 d&#8217;Acceptaci\u00f3 i Lectura de condicions despr\u00e9s d&#8217;haver-hi emplenat correctament el formulari ofert des del servidor de la web www.hotmart.com.\r\n\r\n<strong>13. NUL\u00b7LITAT DE LES CL\u00c0USULES.<\/strong>\r\n\r\nSi qualsevol disposici\u00f3 del present contracte esdev\u00e9 il\u00b7legal, sense validesa o per alguna ra\u00f3 \u00e9s inaplicable, aquesta il\u00b7legalitat, inaplicabilitat o abs\u00e8ncia de validesa quedar\u00e0 limitada exclusivament a aquesta disposici\u00f3 i no afectar\u00e0 la validesa ni l&#8217;aplicabilitat de les altres disposicions.\r\n\r\n<strong>14. LEGISLACI\u00d3 APLICABLE I FUR.<\/strong>\r\n\r\nEls conflictes que puguin sorgir per l&#8217;aplicaci\u00f3 d&#8217;aquestes normes es regiran per les lleis d&#8217;Espanya i, en la m\u00e0xima mesura permesa per la llei, se sotmetran als tribunals de Barcelona.\r\n\r\n<\/div>\t\t\t\t\t\t\t\t<\/div>\n\t\t\t\t\t<\/div>\n\t\t<\/div>\n\t\t\t\t\t<\/div>\n\t\t<\/section>\n\t\t\t\t<\/div>\n\t\t","protected":false},"excerpt":{"rendered":"<p>CONDICIONS GENERALS PER A LA VENDA ONLINE DE PRODUCTES I SERVEIS ENTRE B\u00c0RBARA G\u00d3MEZ ANTICH I ELS USUARIS (d&#8217;ara endavant, \u201cCondicions Generals\u201d) 1. CONDICIONS GENERALS PR\u00c8VIES A LA CONTRACTACI\u00d3 a) Aquestes Condicions Generals regularan expressament les relacions comercials sorgides entre B\u00c1RBARA G\u00d3MEZ ANTICH i els Usuaris Particulars (segons aquest terme es defineix a l&#8217;Av\u00eds Legal) [&hellip;]<\/p>\n","protected":false},"author":53,"featured_media":0,"parent":0,"menu_order":0,"comment_status":"closed","ping_status":"closed","template":"","meta":{"episode_type":"","audio_file":"","podmotor_file_id":"","podmotor_episode_id":"","cover_image":"","cover_image_id":"","duration":"","filesize":"","filesize_raw":"","date_recorded":"","explicit":"","block":"","itunes_episode_number":"","itunes_title":"","itunes_season_number":"","itunes_episode_type":"","_joinchat":[],"footnotes":""},"folder":[64],"class_list":["post-9695","page","type-page","status-publish","hentry"],"_links":{"self":[{"href":"https:\/\/barbaraantich.com\/ca\/wp-json\/wp\/v2\/pages\/9695","targetHints":{"allow":["GET"]}}],"collection":[{"href":"https:\/\/barbaraantich.com\/ca\/wp-json\/wp\/v2\/pages"}],"about":[{"href":"https:\/\/barbaraantich.com\/ca\/wp-json\/wp\/v2\/types\/page"}],"author":[{"embeddable":true,"href":"https:\/\/barbaraantich.com\/ca\/wp-json\/wp\/v2\/users\/53"}],"replies":[{"embeddable":true,"href":"https:\/\/barbaraantich.com\/ca\/wp-json\/wp\/v2\/comments?post=9695"}],"version-history":[{"count":1,"href":"https:\/\/barbaraantich.com\/ca\/wp-json\/wp\/v2\/pages\/9695\/revisions"}],"predecessor-version":[{"id":16546,"href":"https:\/\/barbaraantich.com\/ca\/wp-json\/wp\/v2\/pages\/9695\/revisions\/16546"}],"wp:attachment":[{"href":"https:\/\/barbaraantich.com\/ca\/wp-json\/wp\/v2\/media?parent=9695"}],"wp:term":[{"taxonomy":"folder","embeddable":true,"href":"https:\/\/barbaraantich.com\/ca\/wp-json\/wp\/v2\/folder?post=9695"}],"curies":[{"name":"wp","href":"https:\/\/api.w.org\/{rel}","templated":true}]}}