{"id":16760,"date":"2025-04-12T13:40:55","date_gmt":"2025-04-12T13:40:55","guid":{"rendered":"https:\/\/barbaragomezantich.com\/formacio-per-advocats\/recursos-gratuits-advocacia\/"},"modified":"2025-11-04T18:01:03","modified_gmt":"2025-11-04T18:01:03","slug":"recursos-gratuits-advocacia","status":"publish","type":"page","link":"https:\/\/barbaraantich.com\/ca\/formacio-per-advocats\/recursos-gratuits-advocacia\/","title":{"rendered":"Recursos gratu\u00efts d\u2019advocacia"},"content":{"rendered":"\t\t<div data-elementor-type=\"wp-page\" data-elementor-id=\"16760\" class=\"elementor elementor-16760 elementor-13103\" data-elementor-post-type=\"page\">\n\t\t\t\t\t\t<section class=\"elementor-section elementor-top-section elementor-element elementor-element-22763fb elementor-section-height-min-height elementor-section-boxed elementor-section-height-default elementor-section-items-middle\" data-id=\"22763fb\" data-element_type=\"section\" data-e-type=\"section\" data-settings=\"{&quot;background_background&quot;:&quot;classic&quot;,&quot;shape_divider_bottom&quot;:&quot;tilt&quot;}\">\n\t\t\t\t\t\t\t<div class=\"elementor-background-overlay\"><\/div>\n\t\t\t\t\t\t<div class=\"elementor-shape elementor-shape-bottom\" aria-hidden=\"true\" data-negative=\"false\">\n\t\t\t<svg xmlns=\"http:\/\/www.w3.org\/2000\/svg\" viewBox=\"0 0 1000 100\" preserveAspectRatio=\"none\">\n\t<path class=\"elementor-shape-fill\" d=\"M0,6V0h1000v100L0,6z\"\/>\n<\/svg>\t\t<\/div>\n\t\t\t\t\t<div class=\"elementor-container elementor-column-gap-default\">\n\t\t\t\t\t<div class=\"elementor-column elementor-col-100 elementor-top-column elementor-element elementor-element-65aed1e\" data-id=\"65aed1e\" data-element_type=\"column\" data-e-type=\"column\">\n\t\t\t<div class=\"elementor-widget-wrap elementor-element-populated\">\n\t\t\t\t\t\t<div class=\"elementor-element elementor-element-673a644 elementor-widget elementor-widget-heading\" data-id=\"673a644\" data-element_type=\"widget\" data-e-type=\"widget\" data-widget_type=\"heading.default\">\n\t\t\t\t\t<h1 class=\"elementor-heading-title elementor-size-default\">Recursos gratu\u00efts d\u2019advocacia<\/h1>\t\t\t\t<\/div>\n\t\t\t\t<div class=\"elementor-element elementor-element-3e117e2 elementor-widget elementor-widget-text-editor\" data-id=\"3e117e2\" data-element_type=\"widget\" data-e-type=\"widget\" data-widget_type=\"text-editor.default\">\n\t\t\t\t\t\t\t\t\t<p><strong>Advocacia Alternativa<\/strong> \u00e9s un espai de formaci\u00f3 pensat per la vida real, no per decorar el CV.<\/p>\n\t\t\t\t\t\t\t\t<\/div>\n\t\t\t\t\t<\/div>\n\t\t<\/div>\n\t\t\t\t\t<\/div>\n\t\t<\/section>\n\t\t\t\t<section class=\"elementor-section elementor-top-section elementor-element elementor-element-85db10c elementor-section-boxed elementor-section-height-default elementor-section-height-default\" data-id=\"85db10c\" data-element_type=\"section\" data-e-type=\"section\">\n\t\t\t\t\t\t<div class=\"elementor-container elementor-column-gap-default\">\n\t\t\t\t\t<div class=\"elementor-column elementor-col-100 elementor-top-column elementor-element elementor-element-b458272\" data-id=\"b458272\" data-element_type=\"column\" data-e-type=\"column\">\n\t\t\t<div class=\"elementor-widget-wrap elementor-element-populated\">\n\t\t\t\t\t\t<div class=\"elementor-element elementor-element-a64dc0f elementor-widget elementor-widget-text-editor\" data-id=\"a64dc0f\" data-element_type=\"widget\" data-e-type=\"widget\" data-widget_type=\"text-editor.default\">\n\t\t\t\t\t\t\t\t\t<p style=\"text-align: center;\" data-start=\"0\" data-end=\"85\">En aquesta secci\u00f3 trobar\u00e0s recursos pensats per resoldre problemes molt espec\u00edfics.<\/p>\n<p><\/p>\n<p style=\"text-align: center;\" data-start=\"87\" data-end=\"213\">\u00c9s una manera fant\u00e0stica de con\u00e8ixer com \u00e9s la formaci\u00f3 en Advocacia Alternativa: formaci\u00f3 pr\u00e0ctica, directa i sense adorns.<\/p>\n<p><\/p>\n<p style=\"text-align: center;\" data-start=\"215\" data-end=\"247\" data-is-last-node=\"\" data-is-only-node=\"\">I el millor de tot&#8230; \u00e9s gratis!<\/p>\n\t\t\t\t\t\t\t\t<\/div>\n\t\t\t\t\t<\/div>\n\t\t<\/div>\n\t\t\t\t\t<\/div>\n\t\t<\/section>\n\t\t\t\t<section class=\"elementor-section elementor-top-section elementor-element elementor-element-b85e69c elementor-section-full_width elementor-section-height-default elementor-section-height-default\" data-id=\"b85e69c\" data-element_type=\"section\" data-e-type=\"section\">\n\t\t\t\t\t\t<div class=\"elementor-container elementor-column-gap-default\">\n\t\t\t\t\t<div class=\"elementor-column elementor-col-33 elementor-top-column elementor-element elementor-element-c248ff8\" data-id=\"c248ff8\" data-element_type=\"column\" data-e-type=\"column\">\n\t\t\t<div class=\"elementor-widget-wrap elementor-element-populated\">\n\t\t\t\t\t\t<div class=\"elementor-element elementor-element-66e7b38 elementor-cta--skin-cover elementor-animated-content elementor-bg-transform elementor-bg-transform-zoom-in elementor-invisible elementor-widget elementor-widget-call-to-action\" data-id=\"66e7b38\" data-element_type=\"widget\" data-e-type=\"widget\" data-settings=\"{&quot;_animation&quot;:&quot;fadeInUp&quot;}\" data-widget_type=\"call-to-action.default\">\n\t\t\t\t\t\t\t<a class=\"elementor-cta\" href=\"https:\/\/barbaraantich.com\/formacion-para-abogados\/recursos-gratuitos-abogacia\/tecnicas-infalibles-para-preparar-el-examen-de-acceso-a-la-abogacia\/\">\n\t\t\t\t\t<div class=\"elementor-cta__bg-wrapper\">\n\t\t\t\t<div class=\"elementor-cta__bg elementor-bg\" style=\"background-image: url(https:\/\/barbaraantich.com\/wp-content\/uploads\/2025\/04\/3-1024x1024.png);\" role=\"img\" aria-label=\"3\"><\/div>\n\t\t\t\t<div class=\"elementor-cta__bg-overlay\"><\/div>\n\t\t\t<\/div>\n\t\t\t\t\t\t\t<div class=\"elementor-cta__content\">\n\t\t\t\t\n\t\t\t\t\t\t\t\t\t<h2 class=\"elementor-cta__title elementor-cta__content-item elementor-content-item elementor-animated-item--grow\">\n\t\t\t\t\t\t9 t\u00e8cniques infalibles per preparar l'ex\u00e0men d'acc\u00e9s a l'advocacia\t\t\t\t\t<\/h2>\n\t\t\t\t\n\t\t\t\t\n\t\t\t\t\t\t\t\t\t<div class=\"elementor-cta__button-wrapper elementor-cta__content-item elementor-content-item elementor-animated-item--grow\">\n\t\t\t\t\t<span class=\"elementor-cta__button elementor-button elementor-size-\">\n\t\t\t\t\t\t+ info\t\t\t\t\t<\/span>\n\t\t\t\t\t<\/div>\n\t\t\t\t\t\t\t<\/div>\n\t\t\t\t\t\t<\/a>\n\t\t\t\t\t\t<\/div>\n\t\t\t\t\t<\/div>\n\t\t<\/div>\n\t\t\t\t<div class=\"elementor-column elementor-col-33 elementor-top-column elementor-element elementor-element-5ad1015\" data-id=\"5ad1015\" data-element_type=\"column\" data-e-type=\"column\">\n\t\t\t<div class=\"elementor-widget-wrap elementor-element-populated\">\n\t\t\t\t\t\t<div class=\"elementor-element elementor-element-2811af8 elementor-cta--skin-cover elementor-animated-content elementor-bg-transform elementor-bg-transform-zoom-in elementor-invisible elementor-widget elementor-widget-call-to-action\" data-id=\"2811af8\" data-element_type=\"widget\" data-e-type=\"widget\" data-settings=\"{&quot;_animation&quot;:&quot;fadeInUp&quot;}\" data-widget_type=\"call-to-action.default\">\n\t\t\t\t\t\t\t<a class=\"elementor-cta\" href=\"https:\/\/barbaraantich.com\/formacion-para-abogados\/recursos-gratuitos-abogacia\/disena-y-logra-tus-objetivos-financieros-abogados\/\">\n\t\t\t\t\t<div class=\"elementor-cta__bg-wrapper\">\n\t\t\t\t<div class=\"elementor-cta__bg elementor-bg\" style=\"background-image: url(https:\/\/barbaraantich.com\/wp-content\/uploads\/2025\/04\/4-1024x1024.png);\" role=\"img\" aria-label=\"4\"><\/div>\n\t\t\t\t<div class=\"elementor-cta__bg-overlay\"><\/div>\n\t\t\t<\/div>\n\t\t\t\t\t\t\t<div class=\"elementor-cta__content\">\n\t\t\t\t\n\t\t\t\t\t\t\t\t\t<h2 class=\"elementor-cta__title elementor-cta__content-item elementor-content-item elementor-animated-item--grow\">\n\t\t\t\t\t\tDissenya i logra els teus objectius financers\t\t\t\t\t<\/h2>\n\t\t\t\t\n\t\t\t\t\t\t\t\t\t<div class=\"elementor-cta__description elementor-cta__content-item elementor-content-item elementor-animated-item--grow\">\n\t\t\t\t\t\t<p>Una eina per advocats que volen facturar m\u00e9s i recuperar el control<\/p>\n\t\t\t\t\t<\/div>\n\t\t\t\t\n\t\t\t\t\t\t\t\t\t<div class=\"elementor-cta__button-wrapper elementor-cta__content-item elementor-content-item elementor-animated-item--grow\">\n\t\t\t\t\t<span class=\"elementor-cta__button elementor-button elementor-size-\">\n\t\t\t\t\t\t+ info\t\t\t\t\t<\/span>\n\t\t\t\t\t<\/div>\n\t\t\t\t\t\t\t<\/div>\n\t\t\t\t\t\t<\/a>\n\t\t\t\t\t\t<\/div>\n\t\t\t\t\t<\/div>\n\t\t<\/div>\n\t\t\t\t<div class=\"elementor-column elementor-col-33 elementor-top-column elementor-element elementor-element-c6b9d45\" data-id=\"c6b9d45\" data-element_type=\"column\" data-e-type=\"column\">\n\t\t\t<div class=\"elementor-widget-wrap elementor-element-populated\">\n\t\t\t\t\t\t<div class=\"elementor-element elementor-element-3d674be elementor-cta--skin-cover elementor-animated-content elementor-bg-transform elementor-bg-transform-zoom-in elementor-invisible elementor-widget elementor-widget-call-to-action\" data-id=\"3d674be\" data-element_type=\"widget\" data-e-type=\"widget\" data-settings=\"{&quot;_animation&quot;:&quot;fadeInUp&quot;}\" data-widget_type=\"call-to-action.default\">\n\t\t\t\t\t\t\t<a class=\"elementor-cta\" href=\"https:\/\/barbaraantich.com\/ca\/formacio-per-advocats\/recursos-gratuits-advocacia\/test-rapid-per-auditar-el-teu-proces-actual-de-cobraments\/\">\n\t\t\t\t\t<div class=\"elementor-cta__bg-wrapper\">\n\t\t\t\t<div class=\"elementor-cta__bg elementor-bg\" style=\"background-image: url(https:\/\/barbaraantich.com\/wp-content\/uploads\/2025\/04\/2-1024x1024.png);\" role=\"img\" aria-label=\"2\"><\/div>\n\t\t\t\t<div class=\"elementor-cta__bg-overlay\"><\/div>\n\t\t\t<\/div>\n\t\t\t\t\t\t\t<div class=\"elementor-cta__content\">\n\t\t\t\t\n\t\t\t\t\t\t\t\t\t<h2 class=\"elementor-cta__title elementor-cta__content-item elementor-content-item elementor-animated-item--grow\">\n\t\t\t\t\t\tAuditoria expr\u00e9s del teu proc\u00e9s de cobrament d'honoraris\t\t\t\t\t<\/h2>\n\t\t\t\t\n\t\t\t\t\n\t\t\t\t\t\t\t\t\t<div class=\"elementor-cta__button-wrapper elementor-cta__content-item elementor-content-item elementor-animated-item--grow\">\n\t\t\t\t\t<span class=\"elementor-cta__button elementor-button elementor-size-\">\n\t\t\t\t\t\t+ info\t\t\t\t\t<\/span>\n\t\t\t\t\t<\/div>\n\t\t\t\t\t\t\t<\/div>\n\t\t\t\t\t\t<\/a>\n\t\t\t\t\t\t<\/div>\n\t\t\t\t\t<\/div>\n\t\t<\/div>\n\t\t\t\t\t<\/div>\n\t\t<\/section>\n\t\t\t\t<section class=\"elementor-section elementor-top-section elementor-element elementor-element-bb95fe2 elementor-section-boxed elementor-section-height-default elementor-section-height-default\" data-id=\"bb95fe2\" data-element_type=\"section\" data-e-type=\"section\" data-settings=\"{&quot;background_background&quot;:&quot;classic&quot;}\">\n\t\t\t\t\t\t<div class=\"elementor-container elementor-column-gap-default\">\n\t\t\t\t\t<div class=\"elementor-column elementor-col-100 elementor-top-column elementor-element elementor-element-2498ff6\" data-id=\"2498ff6\" data-element_type=\"column\" data-e-type=\"column\" data-settings=\"{&quot;background_background&quot;:&quot;classic&quot;}\">\n\t\t\t<div class=\"elementor-widget-wrap elementor-element-populated\">\n\t\t\t\t\t\t<div class=\"elementor-element elementor-element-8a5a39c elementor-widget elementor-widget-heading\" data-id=\"8a5a39c\" data-element_type=\"widget\" data-e-type=\"widget\" data-widget_type=\"heading.default\">\n\t\t\t\t\t<h2 class=\"elementor-heading-title elementor-size-default\">Gr\u00e0cies per formar part d'aquesta advocacia nova, real i valenta.<\/h2>\t\t\t\t<\/div>\n\t\t\t\t<div class=\"elementor-element elementor-element-372fd60 elementor-widget__width-initial elementor-widget elementor-widget-heading\" data-id=\"372fd60\" data-element_type=\"widget\" data-e-type=\"widget\" data-widget_type=\"heading.default\">\n\t\t\t\t\t<h2 class=\"elementor-heading-title elementor-size-default\">Aqu\u00ed no venim a aparentar, venim a aprendre, compartir i dignificar la professi\u00f3 des d'un altre lloc.<\/h2>\t\t\t\t<\/div>\n\t\t\t\t<div class=\"elementor-element elementor-element-8d3e6e7 elementor-widget elementor-widget-shortcode\" data-id=\"8d3e6e7\" data-element_type=\"widget\" data-e-type=\"widget\" data-widget_type=\"shortcode.default\">\n\t\t\t\t\t\t\t<div class=\"elementor-shortcode\">                <div class=\"ml-embedded\" data-form=\"ofCEVL\"><\/div>\n            <\/div>\n\t\t\t\t\t\t<\/div>\n\t\t\t\t\t<\/div>\n\t\t<\/div>\n\t\t\t\t\t<\/div>\n\t\t<\/section>\n\t\t\t\t<\/div>\n\t\t","protected":false},"excerpt":{"rendered":"<p>Recursos gratu\u00efts d\u2019advocacia Advocacia Alternativa \u00e9s un espai de formaci\u00f3 pensat per la vida real, no per decorar el CV. En aquesta secci\u00f3 trobar\u00e0s recursos pensats per resoldre problemes molt espec\u00edfics. \u00c9s una manera fant\u00e0stica de con\u00e8ixer com \u00e9s la formaci\u00f3 en Advocacia Alternativa: formaci\u00f3 pr\u00e0ctica, directa i sense adorns. I el millor de tot&#8230; [&hellip;]<\/p>\n","protected":false},"author":53,"featured_media":13982,"parent":9713,"menu_order":0,"comment_status":"closed","ping_status":"closed","template":"","meta":{"episode_type":"","audio_file":"","podmotor_file_id":"","podmotor_episode_id":"","cover_image":"","cover_image_id":"","duration":"","filesize":"","filesize_raw":"","date_recorded":"","explicit":"","block":"","itunes_episode_number":"","itunes_title":"","itunes_season_number":"","itunes_episode_type":"","_joinchat":[],"footnotes":""},"folder":[74],"class_list":["post-16760","page","type-page","status-publish","has-post-thumbnail","hentry"],"_links":{"self":[{"href":"https:\/\/barbaraantich.com\/ca\/wp-json\/wp\/v2\/pages\/16760","targetHints":{"allow":["GET"]}}],"collection":[{"href":"https:\/\/barbaraantich.com\/ca\/wp-json\/wp\/v2\/pages"}],"about":[{"href":"https:\/\/barbaraantich.com\/ca\/wp-json\/wp\/v2\/types\/page"}],"author":[{"embeddable":true,"href":"https:\/\/barbaraantich.com\/ca\/wp-json\/wp\/v2\/users\/53"}],"replies":[{"embeddable":true,"href":"https:\/\/barbaraantich.com\/ca\/wp-json\/wp\/v2\/comments?post=16760"}],"version-history":[{"count":3,"href":"https:\/\/barbaraantich.com\/ca\/wp-json\/wp\/v2\/pages\/16760\/revisions"}],"predecessor-version":[{"id":17288,"href":"https:\/\/barbaraantich.com\/ca\/wp-json\/wp\/v2\/pages\/16760\/revisions\/17288"}],"up":[{"embeddable":true,"href":"https:\/\/barbaraantich.com\/ca\/wp-json\/wp\/v2\/pages\/9713"}],"wp:featuredmedia":[{"embeddable":true,"href":"https:\/\/barbaraantich.com\/ca\/wp-json\/wp\/v2\/media\/13982"}],"wp:attachment":[{"href":"https:\/\/barbaraantich.com\/ca\/wp-json\/wp\/v2\/media?parent=16760"}],"wp:term":[{"taxonomy":"folder","embeddable":true,"href":"https:\/\/barbaraantich.com\/ca\/wp-json\/wp\/v2\/folder?post=16760"}],"curies":[{"name":"wp","href":"https:\/\/api.w.org\/{rel}","templated":true}]}}