{"id":10162,"date":"2024-12-01T17:49:13","date_gmt":"2024-12-01T17:49:13","guid":{"rendered":"https:\/\/barbaragomezantich.com\/test-rapid-per-auditar-el-teu-proces-actual-de-cobraments\/"},"modified":"2025-01-16T11:05:52","modified_gmt":"2025-01-16T11:05:52","slug":"test-rapid-per-auditar-el-teu-proces-actual-de-cobraments","status":"publish","type":"page","link":"https:\/\/barbaraantich.com\/ca\/formacio-per-advocats\/recursos-gratuits-advocacia\/test-rapid-per-auditar-el-teu-proces-actual-de-cobraments\/","title":{"rendered":"Test r\u00e0pid per auditar el teu proc\u00e9s actual de cobraments"},"content":{"rendered":"\t\t<div data-elementor-type=\"wp-page\" data-elementor-id=\"10162\" class=\"elementor elementor-10162 elementor-8085\" data-elementor-post-type=\"page\">\n\t\t\t\t\t\t<section class=\"elementor-section elementor-top-section elementor-element elementor-element-a28e479 elementor-section-full_width elementor-section-height-default elementor-section-height-default\" data-id=\"a28e479\" data-element_type=\"section\" data-e-type=\"section\">\n\t\t\t\t\t\t<div class=\"elementor-container elementor-column-gap-default\">\n\t\t\t\t\t<div class=\"elementor-column elementor-col-100 elementor-top-column elementor-element elementor-element-a1a3c04\" data-id=\"a1a3c04\" data-element_type=\"column\" data-e-type=\"column\" data-settings=\"{&quot;background_background&quot;:&quot;classic&quot;}\">\n\t\t\t<div class=\"elementor-widget-wrap elementor-element-populated\">\n\t\t\t\t\t\t<div class=\"elementor-element elementor-element-a0ff504 elementor-widget elementor-widget-heading\" data-id=\"a0ff504\" data-element_type=\"widget\" data-e-type=\"widget\" data-widget_type=\"heading.default\">\n\t\t\t\t\t<h2 class=\"elementor-heading-title elementor-size-default\">Maximitza els teus ingressos: optimitza el teu proc\u00e9s de cobrament i deixa de perdre diners<\/h2>\t\t\t\t<\/div>\n\t\t\t\t<div class=\"elementor-element elementor-element-21360fe elementor-widget elementor-widget-text-editor\" data-id=\"21360fe\" data-element_type=\"widget\" data-e-type=\"widget\" data-widget_type=\"text-editor.default\">\n\t\t\t\t\t\t\t\t\t<p><strong>Descobreix com identificar i resoldre els problemes que frenen la rendibilitat del teu despatx amb aquesta auditoria expr\u00e9s gratu\u00efta<\/strong><\/p>\n\t\t\t\t\t\t\t\t<\/div>\n\t\t\t\t\t<\/div>\n\t\t<\/div>\n\t\t\t\t\t<\/div>\n\t\t<\/section>\n\t\t\t\t<section class=\"elementor-section elementor-top-section elementor-element elementor-element-3159a85 elementor-section-boxed elementor-section-height-default elementor-section-height-default\" data-id=\"3159a85\" data-element_type=\"section\" data-e-type=\"section\">\n\t\t\t\t\t\t<div class=\"elementor-container elementor-column-gap-default\">\n\t\t\t\t\t<div class=\"elementor-column elementor-col-100 elementor-top-column elementor-element elementor-element-da008a3\" data-id=\"da008a3\" data-element_type=\"column\" data-e-type=\"column\">\n\t\t\t<div class=\"elementor-widget-wrap elementor-element-populated\">\n\t\t\t\t\t\t<div class=\"elementor-element elementor-element-bebbb46 elementor-widget elementor-widget-spacer\" data-id=\"bebbb46\" data-element_type=\"widget\" data-e-type=\"widget\" data-widget_type=\"spacer.default\">\n\t\t\t\t\t\t\t<div class=\"elementor-spacer\">\n\t\t\t<div class=\"elementor-spacer-inner\"><\/div>\n\t\t<\/div>\n\t\t\t\t\t\t<\/div>\n\t\t\t\t\t<\/div>\n\t\t<\/div>\n\t\t\t\t\t<\/div>\n\t\t<\/section>\n\t\t\t\t<section class=\"elementor-section elementor-top-section elementor-element elementor-element-1216073 elementor-section-content-middle elementor-section-boxed elementor-section-height-default elementor-section-height-default\" data-id=\"1216073\" data-element_type=\"section\" data-e-type=\"section\">\n\t\t\t\t\t\t<div class=\"elementor-container elementor-column-gap-default\">\n\t\t\t\t\t<div class=\"elementor-column elementor-col-50 elementor-top-column elementor-element elementor-element-3bacd50\" data-id=\"3bacd50\" data-element_type=\"column\" data-e-type=\"column\">\n\t\t\t<div class=\"elementor-widget-wrap elementor-element-populated\">\n\t\t\t\t\t\t<div class=\"elementor-element elementor-element-5d287af elementor-widget elementor-widget-image\" data-id=\"5d287af\" data-element_type=\"widget\" data-e-type=\"widget\" data-widget_type=\"image.default\">\n\t\t\t\t\t\t\t\t\t\t\t\t\t\t\t<img fetchpriority=\"high\" decoding=\"async\" width=\"800\" height=\"625\" src=\"https:\/\/barbaraantich.com\/wp-content\/uploads\/2024\/12\/Copia-de-Miniatura-horizontal-de-vitrina-1280-x-720-px-4-1024x800.png\" class=\"attachment-large size-large wp-image-9557\" alt=\"\" srcset=\"https:\/\/barbaraantich.com\/wp-content\/uploads\/2024\/12\/Copia-de-Miniatura-horizontal-de-vitrina-1280-x-720-px-4-1024x800.png 1024w, https:\/\/barbaraantich.com\/wp-content\/uploads\/2024\/12\/Copia-de-Miniatura-horizontal-de-vitrina-1280-x-720-px-4-600x469.png 600w, https:\/\/barbaraantich.com\/wp-content\/uploads\/2024\/12\/Copia-de-Miniatura-horizontal-de-vitrina-1280-x-720-px-4-300x234.png 300w, https:\/\/barbaraantich.com\/wp-content\/uploads\/2024\/12\/Copia-de-Miniatura-horizontal-de-vitrina-1280-x-720-px-4-768x600.png 768w, https:\/\/barbaraantich.com\/wp-content\/uploads\/2024\/12\/Copia-de-Miniatura-horizontal-de-vitrina-1280-x-720-px-4.png 1280w\" sizes=\"(max-width: 800px) 100vw, 800px\" \/>\t\t\t\t\t\t\t\t\t\t\t\t\t\t\t<\/div>\n\t\t\t\t\t<\/div>\n\t\t<\/div>\n\t\t\t\t<div class=\"elementor-column elementor-col-50 elementor-top-column elementor-element elementor-element-e1bf37e\" data-id=\"e1bf37e\" data-element_type=\"column\" data-e-type=\"column\">\n\t\t\t<div class=\"elementor-widget-wrap elementor-element-populated\">\n\t\t\t\t\t\t<div class=\"elementor-element elementor-element-8e1deb0 elementor-widget elementor-widget-shortcode\" data-id=\"8e1deb0\" data-element_type=\"widget\" data-e-type=\"widget\" data-widget_type=\"shortcode.default\">\n\t\t\t\t\t\t\t<div class=\"elementor-shortcode\">                <div class=\"ml-embedded\" data-form=\"fiVPy6\"><\/div>\n            <\/div>\n\t\t\t\t\t\t<\/div>\n\t\t\t\t\t<\/div>\n\t\t<\/div>\n\t\t\t\t\t<\/div>\n\t\t<\/section>\n\t\t\t\t<section class=\"elementor-section elementor-top-section elementor-element elementor-element-30fcc18 elementor-section-boxed elementor-section-height-default elementor-section-height-default\" data-id=\"30fcc18\" data-element_type=\"section\" data-e-type=\"section\">\n\t\t\t\t\t\t<div class=\"elementor-container elementor-column-gap-default\">\n\t\t\t\t\t<div class=\"elementor-column elementor-col-100 elementor-top-column elementor-element elementor-element-65f736e\" data-id=\"65f736e\" data-element_type=\"column\" data-e-type=\"column\" data-settings=\"{&quot;background_background&quot;:&quot;classic&quot;}\">\n\t\t\t<div class=\"elementor-widget-wrap elementor-element-populated\">\n\t\t\t\t\t\t<div class=\"elementor-element elementor-element-177700d elementor-widget elementor-widget-heading\" data-id=\"177700d\" data-element_type=\"widget\" data-e-type=\"widget\" data-widget_type=\"heading.default\">\n\t\t\t\t\t<h2 class=\"elementor-heading-title elementor-size-default\">Transforma els teus processos en aliats<\/h2>\t\t\t\t<\/div>\n\t\t\t\t\t<\/div>\n\t\t<\/div>\n\t\t\t\t\t<\/div>\n\t\t<\/section>\n\t\t\t\t<section class=\"elementor-section elementor-top-section elementor-element elementor-element-97fa927 elementor-section-boxed elementor-section-height-default elementor-section-height-default\" data-id=\"97fa927\" data-element_type=\"section\" data-e-type=\"section\">\n\t\t\t\t\t\t<div class=\"elementor-container elementor-column-gap-default\">\n\t\t\t\t\t<div class=\"elementor-column elementor-col-100 elementor-top-column elementor-element elementor-element-4eefe55\" data-id=\"4eefe55\" data-element_type=\"column\" data-e-type=\"column\">\n\t\t\t<div class=\"elementor-widget-wrap elementor-element-populated\">\n\t\t\t\t\t\t<div class=\"elementor-element elementor-element-7e1b9dd elementor-widget elementor-widget-heading\" data-id=\"7e1b9dd\" data-element_type=\"widget\" data-e-type=\"widget\" data-widget_type=\"heading.default\">\n\t\t\t\t\t<h2 class=\"elementor-heading-title elementor-size-default\">\u26a0\ufe0f Alerta \u26a0\ufe0f <\/h2>\t\t\t\t<\/div>\n\t\t\t\t<div class=\"elementor-element elementor-element-356bd99 elementor-widget elementor-widget-heading\" data-id=\"356bd99\" data-element_type=\"widget\" data-e-type=\"widget\" data-widget_type=\"heading.default\">\n\t\t\t\t\t<h3 class=\"elementor-heading-title elementor-size-default\">Si realitzes aquest test, aconseguir\u00e0s...<\/h3>\t\t\t\t<\/div>\n\t\t\t\t\t<\/div>\n\t\t<\/div>\n\t\t\t\t\t<\/div>\n\t\t<\/section>\n\t\t\t\t<section class=\"elementor-section elementor-top-section elementor-element elementor-element-3ed2420 elementor-section-boxed elementor-section-height-default elementor-section-height-default\" data-id=\"3ed2420\" data-element_type=\"section\" data-e-type=\"section\">\n\t\t\t\t\t\t<div class=\"elementor-container elementor-column-gap-default\">\n\t\t\t\t\t<div class=\"elementor-column elementor-col-50 elementor-top-column elementor-element elementor-element-79f4adf\" data-id=\"79f4adf\" data-element_type=\"column\" data-e-type=\"column\">\n\t\t\t<div class=\"elementor-widget-wrap elementor-element-populated\">\n\t\t\t\t\t\t<div class=\"elementor-element elementor-element-895419f elementor-widget elementor-widget-text-editor\" data-id=\"895419f\" data-element_type=\"widget\" data-e-type=\"widget\" data-widget_type=\"text-editor.default\">\n\t\t\t\t\t\t\t\t\t<p>\u2705 <strong>Identifica els teus punts febles:<\/strong> Descobreix els errors que estan afectant la teva capacitat de cobrament i rendibilitat.<\/p>\n<p>\u2705 <strong>Optimitza els teus processos:<\/strong> Apr\u00e8n com ajustar el teu sistema per fer-lo m\u00e9s clar, just i efectiu.<\/p>\n<p>\u2705 <strong>Prev\u00e9 impagaments:<\/strong> Coneix quines mesures implementar per evitar errors i retards en els pagaments.<\/p>\n<p>\u2705 <strong>Estalvia temps i estr\u00e8s:<\/strong> Redueix les hores dedicades a gestionar problemes financers i centra\u2019t en el que realment importa.<\/p>\n<p>\u2705 <strong>Millora la percepci\u00f3 dels teus clients:<\/strong> Adopta un sistema professional que enforteixi la teva relaci\u00f3 amb ells.<\/p>\n<p>\u2705 <strong>Impulsa l\u2019\u00e8xit del teu despatx:<\/strong> Un sistema de cobrament eficient et permetr\u00e0 projectar confian\u00e7a i cr\u00e9ixer amb solidesa.<\/p>\n<p>\u2705 <strong>Puja els teus preus:<\/strong> No tornis a rebaixar les teves minutas per por que no et contractin.<\/p>\n\t\t\t\t\t\t\t\t<\/div>\n\t\t\t\t\t<\/div>\n\t\t<\/div>\n\t\t\t\t<div class=\"elementor-column elementor-col-50 elementor-top-column elementor-element elementor-element-de75f33\" data-id=\"de75f33\" data-element_type=\"column\" data-e-type=\"column\">\n\t\t\t<div class=\"elementor-widget-wrap elementor-element-populated\">\n\t\t\t\t\t\t<div class=\"elementor-element elementor-element-96a1211 elementor-widget elementor-widget-image\" data-id=\"96a1211\" data-element_type=\"widget\" data-e-type=\"widget\" data-widget_type=\"image.default\">\n\t\t\t\t\t\t\t\t\t\t\t\t\t\t\t<img decoding=\"async\" width=\"715\" height=\"773\" src=\"https:\/\/barbaraantich.com\/wp-content\/uploads\/2024\/12\/Copia-de-Miniatura-horizontal-de-vitrina-1280-x-720-px-2-2.png\" class=\"attachment-large size-large wp-image-9565\" alt=\"\" srcset=\"https:\/\/barbaraantich.com\/wp-content\/uploads\/2024\/12\/Copia-de-Miniatura-horizontal-de-vitrina-1280-x-720-px-2-2.png 715w, https:\/\/barbaraantich.com\/wp-content\/uploads\/2024\/12\/Copia-de-Miniatura-horizontal-de-vitrina-1280-x-720-px-2-2-600x649.png 600w, https:\/\/barbaraantich.com\/wp-content\/uploads\/2024\/12\/Copia-de-Miniatura-horizontal-de-vitrina-1280-x-720-px-2-2-277x300.png 277w\" sizes=\"(max-width: 715px) 100vw, 715px\" \/>\t\t\t\t\t\t\t\t\t\t\t\t\t\t\t<\/div>\n\t\t\t\t\t<\/div>\n\t\t<\/div>\n\t\t\t\t\t<\/div>\n\t\t<\/section>\n\t\t\t\t<section class=\"elementor-section elementor-top-section elementor-element elementor-element-3e65375 elementor-section-boxed elementor-section-height-default elementor-section-height-default\" data-id=\"3e65375\" data-element_type=\"section\" data-e-type=\"section\">\n\t\t\t\t\t\t<div class=\"elementor-container elementor-column-gap-default\">\n\t\t\t\t\t<div class=\"elementor-column elementor-col-100 elementor-top-column elementor-element elementor-element-d464329\" data-id=\"d464329\" data-element_type=\"column\" data-e-type=\"column\" data-settings=\"{&quot;background_background&quot;:&quot;classic&quot;}\">\n\t\t\t<div class=\"elementor-widget-wrap elementor-element-populated\">\n\t\t\t\t\t\t<div class=\"elementor-element elementor-element-adfa3ee elementor-widget elementor-widget-heading\" data-id=\"adfa3ee\" data-element_type=\"widget\" data-e-type=\"widget\" data-widget_type=\"heading.default\">\n\t\t\t\t\t<h2 class=\"elementor-heading-title elementor-size-default\">Aquest test \u00e9s per tu si qualque vegada t'ha passat qu\u00e8...<\/h2>\t\t\t\t<\/div>\n\t\t\t\t<div class=\"elementor-element elementor-element-1cc9458 elementor-widget elementor-widget-text-editor\" data-id=\"1cc9458\" data-element_type=\"widget\" data-e-type=\"widget\" data-widget_type=\"text-editor.default\">\n\t\t\t\t\t\t\t\t\t<p>\ud83d\udc49 Has acceptat <strong>cobrar menys del que realment et mereixes<\/strong> nom\u00e9s per assegurar-te que el client et contracti.<\/p>\n<p>\ud83d\udc49 T\u2019has sentit <strong>inc\u00f2mode parlant de diners<\/strong> i has evitat detallar els honoraris en les teves converses inicials.<\/p>\n<p>\ud83d\udc49 Els teus <strong>clients intenten regatejar el preu<\/strong>, q\u00fcestionant el valor dels teus serveis.<\/p>\n<p>\ud83d\udc49 Has om\u00e8s informaci\u00f3 clau a la <strong>fulla d\u2019enc\u00e0rrec<\/strong>, especialment sobre terminis o formes de pagament, i despr\u00e9s te n\u2019has penedit.<\/p>\n<p>\ud83d\udc49 T\u2019has enfrontat a un <strong>impagament<\/strong> perqu\u00e8 no vas establir una estrat\u00e8gia clara per gestionar els cobraments.<\/p>\n<p>\ud83d\udc49 Sents que el teu proc\u00e9s de cobrament et genera m\u00e9s estr\u00e8s del necessari, per\u00f2 no saps com millorar-lo.<\/p>\n<p>\ud83d\udc49 T\u2019has adonat que est\u00e0s dedicant m\u00e9s temps del necessari a <strong>clients que no valoren la teva feina<\/strong>.<\/p>\n<p style=\"text-align: center;\"><strong>Et reconeixes en alguna d\u2019aquestes situacions?<\/strong><\/p>\n\t\t\t\t\t\t\t\t<\/div>\n\t\t\t\t\t<\/div>\n\t\t<\/div>\n\t\t\t\t\t<\/div>\n\t\t<\/section>\n\t\t\t\t<section class=\"elementor-section elementor-top-section elementor-element elementor-element-1ead54e elementor-section-boxed elementor-section-height-default elementor-section-height-default\" data-id=\"1ead54e\" data-element_type=\"section\" data-e-type=\"section\">\n\t\t\t\t\t\t<div class=\"elementor-container elementor-column-gap-default\">\n\t\t\t\t\t<div class=\"elementor-column elementor-col-100 elementor-top-column elementor-element elementor-element-a6dfb50\" data-id=\"a6dfb50\" data-element_type=\"column\" data-e-type=\"column\">\n\t\t\t<div class=\"elementor-widget-wrap elementor-element-populated\">\n\t\t\t\t\t\t<div class=\"elementor-element elementor-element-69c329e elementor-widget elementor-widget-spacer\" data-id=\"69c329e\" data-element_type=\"widget\" data-e-type=\"widget\" data-widget_type=\"spacer.default\">\n\t\t\t\t\t\t\t<div class=\"elementor-spacer\">\n\t\t\t<div class=\"elementor-spacer-inner\"><\/div>\n\t\t<\/div>\n\t\t\t\t\t\t<\/div>\n\t\t\t\t\t<\/div>\n\t\t<\/div>\n\t\t\t\t\t<\/div>\n\t\t<\/section>\n\t\t\t\t<section class=\"elementor-section elementor-top-section elementor-element elementor-element-5a65b0d elementor-section-boxed elementor-section-height-default elementor-section-height-default\" data-id=\"5a65b0d\" data-element_type=\"section\" data-e-type=\"section\">\n\t\t\t\t\t\t<div class=\"elementor-container elementor-column-gap-default\">\n\t\t\t\t\t<div class=\"elementor-column elementor-col-66 elementor-top-column elementor-element elementor-element-cd6b605\" data-id=\"cd6b605\" data-element_type=\"column\" data-e-type=\"column\">\n\t\t\t<div class=\"elementor-widget-wrap elementor-element-populated\">\n\t\t\t\t\t\t<div class=\"elementor-element elementor-element-fb50c6f elementor-widget elementor-widget-heading\" data-id=\"fb50c6f\" data-element_type=\"widget\" data-e-type=\"widget\" data-widget_type=\"heading.default\">\n\t\t\t\t\t<h2 class=\"elementor-heading-title elementor-size-default\">Hola! Em dic B\u00e1rbara<\/h2>\t\t\t\t<\/div>\n\t\t\t\t<div class=\"elementor-element elementor-element-382db91 elementor-widget elementor-widget-text-editor\" data-id=\"382db91\" data-element_type=\"widget\" data-e-type=\"widget\" data-widget_type=\"text-editor.default\">\n\t\t\t\t\t\t\t\t\t<p>S\u00f3c advocada penalista en exercici, i a m\u00e9s m\u2019apunto a tots els saraus jur\u00eddics. Aix\u00ed que podr\u00edem dir que tamb\u00e9 s\u00f3c professora, ponent, mentora&#8230; vaja, un cul inquiet a qui li agrada tant la divulgaci\u00f3 com l\u2019advocacia. Per si no em coneixes, faig servir Instagram com a canal de divulgaci\u00f3. Va ser all\u00e0 on em van proposar donar una formaci\u00f3 en un col\u00b7legi d\u2019advocats. Vaig acceptar i&#8230; m\u2019hi vaig enganxar. Arran d\u2019aix\u00f2, vaig rebre m\u00e9s invitacions per participar en esdeveniments i formacions diverses, que han fet que finalment ofereixi mentoratges 1:1 a companys que busquen suport.<\/p>\n<p>Aquest test t\u2019ajudar\u00e0 a descobrir si hi ha algun punt del teu proc\u00e9s de cobrament on est\u00e0s cometent errors. <strong>Con\u00e8ixer l\u2019error \u00e9s el primer pas per poder corregir-lo i guanyar efici\u00e8ncia.<\/strong><\/p>\n\t\t\t\t\t\t\t\t<\/div>\n\t\t\t\t<div class=\"elementor-element elementor-element-be14495 elementor-widget elementor-widget-heading\" data-id=\"be14495\" data-element_type=\"widget\" data-e-type=\"widget\" data-widget_type=\"heading.default\">\n\t\t\t\t\t<h2 class=\"elementor-heading-title elementor-size-default\">Prou feina tenim com per haver de perseguir \u00abclients despistats\u00bb, no creus?<\/h2>\t\t\t\t<\/div>\n\t\t\t\t\t<\/div>\n\t\t<\/div>\n\t\t\t\t<div class=\"elementor-column elementor-col-33 elementor-top-column elementor-element elementor-element-053bfd8\" data-id=\"053bfd8\" data-element_type=\"column\" data-e-type=\"column\">\n\t\t\t<div class=\"elementor-widget-wrap elementor-element-populated\">\n\t\t\t\t\t\t<div class=\"elementor-element elementor-element-e51c6db elementor-widget elementor-widget-image\" data-id=\"e51c6db\" data-element_type=\"widget\" data-e-type=\"widget\" data-widget_type=\"image.default\">\n\t\t\t\t\t\t\t\t\t\t\t\t\t\t\t<img decoding=\"async\" width=\"800\" height=\"534\" src=\"https:\/\/barbaraantich.com\/wp-content\/uploads\/2024\/02\/Corporativa-Barbara-67-1024x683.webp\" class=\"attachment-large size-large wp-image-9535\" alt=\"\" srcset=\"https:\/\/barbaraantich.com\/wp-content\/uploads\/2024\/02\/Corporativa-Barbara-67-1024x683.webp 1024w, https:\/\/barbaraantich.com\/wp-content\/uploads\/2024\/02\/Corporativa-Barbara-67-scaled-600x400.webp 600w, https:\/\/barbaraantich.com\/wp-content\/uploads\/2024\/02\/Corporativa-Barbara-67-300x200.webp 300w, https:\/\/barbaraantich.com\/wp-content\/uploads\/2024\/02\/Corporativa-Barbara-67-768x512.webp 768w, https:\/\/barbaraantich.com\/wp-content\/uploads\/2024\/02\/Corporativa-Barbara-67-1536x1024.webp 1536w, https:\/\/barbaraantich.com\/wp-content\/uploads\/2024\/02\/Corporativa-Barbara-67-2048x1365.webp 2048w, https:\/\/barbaraantich.com\/wp-content\/uploads\/2024\/02\/Corporativa-Barbara-67-640x427.webp 640w, https:\/\/barbaraantich.com\/wp-content\/uploads\/2024\/02\/Corporativa-Barbara-67-400x267.webp 400w, https:\/\/barbaraantich.com\/wp-content\/uploads\/2024\/02\/Corporativa-Barbara-67-367x245.webp 367w\" sizes=\"(max-width: 800px) 100vw, 800px\" \/>\t\t\t\t\t\t\t\t\t\t\t\t\t\t\t<\/div>\n\t\t\t\t\t<\/div>\n\t\t<\/div>\n\t\t\t\t\t<\/div>\n\t\t<\/section>\n\t\t\t\t<section class=\"elementor-section elementor-top-section elementor-element elementor-element-702c5d6 elementor-section-boxed elementor-section-height-default elementor-section-height-default\" data-id=\"702c5d6\" data-element_type=\"section\" data-e-type=\"section\">\n\t\t\t\t\t\t<div class=\"elementor-container elementor-column-gap-default\">\n\t\t\t\t\t<div class=\"elementor-column elementor-col-100 elementor-top-column elementor-element elementor-element-ace24cf\" data-id=\"ace24cf\" data-element_type=\"column\" data-e-type=\"column\">\n\t\t\t<div class=\"elementor-widget-wrap elementor-element-populated\">\n\t\t\t\t\t\t<div class=\"elementor-element elementor-element-b43f2b8 elementor-widget elementor-widget-shortcode\" data-id=\"b43f2b8\" data-element_type=\"widget\" data-e-type=\"widget\" data-widget_type=\"shortcode.default\">\n\t\t\t\t\t\t\t<div class=\"elementor-shortcode\">                <div class=\"ml-embedded\" data-form=\"fiVPy6\"><\/div>\n            <\/div>\n\t\t\t\t\t\t<\/div>\n\t\t\t\t\t<\/div>\n\t\t<\/div>\n\t\t\t\t\t<\/div>\n\t\t<\/section>\n\t\t\t\t<\/div>\n\t\t","protected":false},"excerpt":{"rendered":"<p>Et regalo un autotest en format PDF que t\u2019indicar\u00e0 on has de millorar per guanyar efici\u00e8ncia.<\/p>\n","protected":false},"author":53,"featured_media":9557,"parent":16760,"menu_order":0,"comment_status":"closed","ping_status":"closed","template":"elementor_canvas","meta":{"episode_type":"","audio_file":"","podmotor_file_id":"","podmotor_episode_id":"","cover_image":"","cover_image_id":"","duration":"","filesize":"","filesize_raw":"","date_recorded":"","explicit":"","block":"","itunes_episode_number":"","itunes_title":"","itunes_season_number":"","itunes_episode_type":"","_joinchat":[],"footnotes":""},"folder":[74],"class_list":["post-10162","page","type-page","status-publish","has-post-thumbnail","hentry"],"_links":{"self":[{"href":"https:\/\/barbaraantich.com\/ca\/wp-json\/wp\/v2\/pages\/10162","targetHints":{"allow":["GET"]}}],"collection":[{"href":"https:\/\/barbaraantich.com\/ca\/wp-json\/wp\/v2\/pages"}],"about":[{"href":"https:\/\/barbaraantich.com\/ca\/wp-json\/wp\/v2\/types\/page"}],"author":[{"embeddable":true,"href":"https:\/\/barbaraantich.com\/ca\/wp-json\/wp\/v2\/users\/53"}],"replies":[{"embeddable":true,"href":"https:\/\/barbaraantich.com\/ca\/wp-json\/wp\/v2\/comments?post=10162"}],"version-history":[{"count":0,"href":"https:\/\/barbaraantich.com\/ca\/wp-json\/wp\/v2\/pages\/10162\/revisions"}],"up":[{"embeddable":true,"href":"https:\/\/barbaraantich.com\/ca\/wp-json\/wp\/v2\/pages\/16760"}],"wp:featuredmedia":[{"embeddable":true,"href":"https:\/\/barbaraantich.com\/ca\/wp-json\/wp\/v2\/media\/9557"}],"wp:attachment":[{"href":"https:\/\/barbaraantich.com\/ca\/wp-json\/wp\/v2\/media?parent=10162"}],"wp:term":[{"taxonomy":"folder","embeddable":true,"href":"https:\/\/barbaraantich.com\/ca\/wp-json\/wp\/v2\/folder?post=10162"}],"curies":[{"name":"wp","href":"https:\/\/api.w.org\/{rel}","templated":true}]}}